{"id":143,"date":"2020-12-17T16:57:57","date_gmt":"2020-12-17T16:57:57","guid":{"rendered":"https:\/\/fuente.archimadrid.es\/?page_id=143"},"modified":"2020-12-17T17:18:14","modified_gmt":"2020-12-17T17:18:14","slug":"salmos-responsoriales-para-el-matrimonio","status":"publish","type":"page","link":"https:\/\/fuente.archimadrid.es\/index.php\/salmos-responsoriales-para-el-matrimonio\/","title":{"rendered":"SALMOS RESPONSORIALES PARA EL MATRIMONIO"},"content":{"rendered":"\n<p><br>I<\/p>\n\n\n\n<p>Sal 32,12 y 18. 20-21.22<\/p>\n\n\n\n<p>V. La misericordia del Se\u00f1or llena la tierra.<\/p>\n\n\n\n<p>R. La misericordia del Se\u00f1or llena la tierra.<\/p>\n\n\n\n<p>V. Dichosa la naci\u00f3n cuyo Dios es el Se\u00f1or,<\/p>\n\n\n\n<p>el pueblo que \u00e9l escogi\u00f3 como heredad.<\/p>\n\n\n\n<p>Los ojos del Se\u00f1or est\u00e1n puestos en sus fieles,<\/p>\n\n\n\n<p>en los que esperan su misericordia.<\/p>\n\n\n\n<p>R. La misericordia del Se\u00f1or llena la tierra.<\/p>\n\n\n\n<p>V. Nosotros aguardamos al Se\u00f1or:<\/p>\n\n\n\n<p>\u00e9l es nuestro auxilio y escudo;<\/p>\n\n\n\n<p>con \u00e9l se alegra nuestro coraz\u00f3n,<\/p>\n\n\n\n<p>en su santo nombre confiamos.<\/p>\n\n\n\n<p>R. La misericordia del Se\u00f1or llena la tierra.<\/p>\n\n\n\n<p>V. Que tu misericordia, Se\u00f1or, venga sobre nosotros,<\/p>\n\n\n\n<p>como lo esperamos de ti.<\/p>\n\n\n\n<p>R. La misericordia del Se\u00f1or llena la tierra.<\/p>\n\n\n\n<p>II<\/p>\n\n\n\n<p>Sal 33, 2-3. 3-5. 6-7. 8-9<\/p>\n\n\n\n<p>V. Bendigo al Se\u00f1or en todo momento.<\/p>\n\n\n\n<p>(o, Gustad y ved qu\u00e9 bueno es el Se\u00f1or).<\/p>\n\n\n\n<p>R. Bendigo al Se\u00f1or en todo momento.<\/p>\n\n\n\n<p>(o, Gustad y ved qu\u00e9 bueno es el Se\u00f1or)<\/p>\n\n\n\n<p>V. Bendigo al Se\u00f1or en todo momento,<\/p>\n\n\n\n<p>su alabanza est\u00e1 siempre en mi boca;<\/p>\n\n\n\n<p>mi alma se gloria en el Se\u00f1or:<\/p>\n\n\n\n<p>que los humildes lo escuchen y se alegren.<\/p>\n\n\n\n<p>R. Bendigo al Se\u00f1or en todo momento.<\/p>\n\n\n\n<p>(o, Gustad y ved qu\u00e9 bueno es el Se\u00f1or).<\/p>\n\n\n\n<p>V. Proclamad conmigo la misericordia del Se\u00f1or,<\/p>\n\n\n\n<p>ensalcemos juntos su nombre.<\/p>\n\n\n\n<p>Yo consult\u00e9 al Se\u00f1or y me respondi\u00f3,<\/p>\n\n\n\n<p>me libr\u00f3 de todas mis ansias.<\/p>\n\n\n\n<p>R. Bendigo al Se\u00f1or en todo momento.<\/p>\n\n\n\n<p>(o, Gustad y ved qu\u00e9 bueno es el Se\u00f1or).<\/p>\n\n\n\n<p>V. Contempladlo y quedar\u00e9is radiantes,<\/p>\n\n\n\n<p>vuestro rostro no se avergonzar\u00e1.<\/p>\n\n\n\n<p>Si el afligido invoca al Se\u00f1or,<\/p>\n\n\n\n<p>\u00e9l lo escucha y lo salva de sus angustias.<\/p>\n\n\n\n<p>R. Bendigo al Se\u00f1or en todo momento.<\/p>\n\n\n\n<p>(o, Gustad y ved qu\u00e9 bueno es el Se\u00f1or).<\/p>\n\n\n\n<p>V. El \u00e1ngel del Se\u00f1or acampa<\/p>\n\n\n\n<p>en torno a sus fieles y los protege.<\/p>\n\n\n\n<p>Gustad y ved qu\u00e9 bueno es el Se\u00f1or,<\/p>\n\n\n\n<p>dichoso el que se acoge a \u00e9l.<\/p>\n\n\n\n<p>R. Bendigo al Se\u00f1or en todo momento.<\/p>\n\n\n\n<p>(o, Gustad y ved qu\u00e9 bueno es el Se\u00f1or).<\/p>\n\n\n\n<p>III<\/p>\n\n\n\n<p>Sal 102, 1-2. 8 y 13, 17-18a<\/p>\n\n\n\n<p>V. El Se\u00f1or es compasivo y misericordioso<\/p>\n\n\n\n<p>(o, La misericordia del Se\u00f1or dura por siempre<\/p>\n\n\n\n<p>sobre aquellos que le temen).<\/p>\n\n\n\n<p>R. El Se\u00f1or es compasivo y misericordioso<\/p>\n\n\n\n<p>(o, La misericordia del Se\u00f1or dura por siempre<\/p>\n\n\n\n<p>sobre aquellos que le temen)<\/p>\n\n\n\n<p>V. Bendice, alma m\u00eda, al, Se\u00f1or,<\/p>\n\n\n\n<p>y todo mi ser a su santo nombre.<\/p>\n\n\n\n<p>Bendice, alma m\u00eda al Se\u00f1or,<\/p>\n\n\n\n<p>y no olvides sus beneficios.<\/p>\n\n\n\n<p>R. El Se\u00f1or es compasivo y misericordioso<\/p>\n\n\n\n<p>(o, La misericordia del Se\u00f1or dura a por siempre<\/p>\n\n\n\n<p>sobre aquellos que le temen).<\/p>\n\n\n\n<p>V. El Se\u00f1or es compasivo y misericordioso,<\/p>\n\n\n\n<p>lento a la ira y rico en clemencia.<\/p>\n\n\n\n<p>Como un padre siente ternura por sus hijos,<\/p>\n\n\n\n<p>siente el Se\u00f1or ternura por sus fieles.<\/p>\n\n\n\n<p>R. El Se\u00f1or es compasivo y misericordioso<\/p>\n\n\n\n<p>(o, La misericordia del Se\u00f1or dura por siempre<\/p>\n\n\n\n<p>sobre aquellos que le temen)<\/p>\n\n\n\n<p>V. La misericordia del Se\u00f1or dura por siempre,<\/p>\n\n\n\n<p>su justicia pasa de hijos a nietos:<\/p>\n\n\n\n<p>para los que guardan la alianza.<\/p>\n\n\n\n<p>R. El Se\u00f1or es compasivo y misericordioso<\/p>\n\n\n\n<p>(o, La misericordia del Se\u00f1or dura por siempre<\/p>\n\n\n\n<p>sobre aquellos que le temen)<\/p>\n\n\n\n<p>IV<\/p>\n\n\n\n<p>Sal 111, 1-2. 3-4. 5-7\u00aa. 7bc-8. 9<\/p>\n\n\n\n<p>V. Dichoso quien ama de coraz\u00f3n los mandatos del Se\u00f1or<\/p>\n\n\n\n<p>( o, Aleluya).<\/p>\n\n\n\n<p>R. Dichoso quien ama de coraz\u00f3n los mandatos del Se\u00f1or.<\/p>\n\n\n\n<p>(o, Aleluya).<\/p>\n\n\n\n<p>V. Dichoso quien teme al Se\u00f1or<\/p>\n\n\n\n<p>y ama de coraz\u00f3n sus mandatos.<\/p>\n\n\n\n<p>Su linaje ser\u00e1 poderoso en la tierra,<\/p>\n\n\n\n<p>la descendencia del justo ser\u00e1 bendita.<\/p>\n\n\n\n<p>R. Dichoso quien ama de coraz\u00f3n los mandatos del Se\u00f1or.<\/p>\n\n\n\n<p>(o, Aleluya)<\/p>\n\n\n\n<p>V. En su casa habr\u00e1 riquezas y abundancia,<\/p>\n\n\n\n<p>su caridad es constante, sin falta.<\/p>\n\n\n\n<p>En las tinieblas brilla como una luz<\/p>\n\n\n\n<p>el que es justo, clemente y compasivo.<\/p>\n\n\n\n<p>R. Dichoso quien ama de coraz\u00f3n los mandatos del Se\u00f1or.<\/p>\n\n\n\n<p>(o, Aleluya).<\/p>\n\n\n\n<p>V. Dichoso el que se apiada y presta,<\/p>\n\n\n\n<p>y administra rectamente sus asuntos.<\/p>\n\n\n\n<p>El justo jam\u00e1s vacilar\u00e1, su recuerde ser\u00e1 perpetuo.<\/p>\n\n\n\n<p>R. Dichoso quien ama de coraz\u00f3n los mandatos del Se\u00f1or.<\/p>\n\n\n\n<p>(o, Aleluya).<\/p>\n\n\n\n<p>V. No temer\u00e1 las malas noticias,<\/p>\n\n\n\n<p>su coraz\u00f3n est\u00e1 firme en el Se\u00f1or.<\/p>\n\n\n\n<p>Su coraz\u00f3n est\u00e1 seguro, sin temor,<\/p>\n\n\n\n<p>hasta ver derrotados a sus enemigos.<\/p>\n\n\n\n<p>R. Dichoso quien ama de coraz\u00f3n los mandatos del Se\u00f1or<\/p>\n\n\n\n<p>(o, Aleluya).<\/p>\n\n\n\n<p>V. Reparte limosna a los pobres,<\/p>\n\n\n\n<p>su caridad es constante, sin falta<\/p>\n\n\n\n<p>y alzar\u00e1 la frente con dignidad.<\/p>\n\n\n\n<p>R. Dichoso quien ama de coraz\u00f3n los mandatos del Se\u00f1or<\/p>\n\n\n\n<p>(o, Aleluya).<\/p>\n\n\n\n<p>V<\/p>\n\n\n\n<p>Sal 127, 1-2. 3-; 4-5<\/p>\n\n\n\n<p>V. Dichosos los que temen al Se\u00f1or<\/p>\n\n\n\n<p>(o, Esta es la bendici\u00f3n del hombre que teme al Se\u00f1or).<\/p>\n\n\n\n<p>R. Dichosos los que temen al Se\u00f1or<\/p>\n\n\n\n<p>(o, Esta es la bendici\u00f3n del hombre que teme al Se\u00f1or).<\/p>\n\n\n\n<p>V. Dichoso el que terne al Se\u00f1or<\/p>\n\n\n\n<p>y sigue sus caminos.<\/p>\n\n\n\n<p>Comer\u00e1s del fruto de tu trabajo,<\/p>\n\n\n\n<p>ser\u00e1s dichoso, te ir\u00e1 bien.<\/p>\n\n\n\n<p>R. Dichosos los que temen al Se\u00f1or<\/p>\n\n\n\n<p>(o, Esta es la bendici\u00f3n del hombre que teme al Se\u00f1or).<\/p>\n\n\n\n<p>V. Tu mujer, como parra fecunda,<\/p>\n\n\n\n<p>en medio de tu casa; tus hijos<\/p>\n\n\n\n<p>como renuevos de olivo alrededor de tu mesa.<\/p>\n\n\n\n<p>R. Dichosos lo que temen al Se\u00f1or<\/p>\n\n\n\n<p>(o, Esta es la bendici\u00f3n del hombre que teme al Se\u00f1or).<\/p>\n\n\n\n<p>V. Estas es la bendici\u00f3n de hombre que teme al Se\u00f1or.<\/p>\n\n\n\n<p>Que el Se\u00f1or te bendiga desde Si\u00f3n,<\/p>\n\n\n\n<p>que veas la prosperidad de Jerusal\u00e9n, todos los d\u00edas de tu vida.<\/p>\n\n\n\n<p>R. Dichosos los que temen al Se\u00f1or<\/p>\n\n\n\n<p>(o, Esta es la bendici\u00f3n del hombre que terne al Se\u00f1or)<\/p>\n\n\n\n<p>VI<\/p>\n\n\n\n<p>Sal 144, 8-9. 10 y 15. 17- 18<\/p>\n\n\n\n<p>V. El Se\u00f1or es bueno con todos.<\/p>\n\n\n\n<p>R. El Se\u00f1or es bueno con todos.<\/p>\n\n\n\n<p>V. El Se\u00f1or es clemente y misericordioso,<\/p>\n\n\n\n<p>lento a la c\u00f3lera y rico en piedad,<\/p>\n\n\n\n<p>el Se\u00f1or es bueno con todos,<\/p>\n\n\n\n<p>es cari\u00f1oso con todas sus criaturas.<\/p>\n\n\n\n<p>R. El Se\u00f1or es bueno con todos.<\/p>\n\n\n\n<p>V. Que todas tus criaturas te den gracias, Se\u00f1or,<\/p>\n\n\n\n<p>que te bendigan tus fieles.<\/p>\n\n\n\n<p>Los ojos de todos te est\u00e1n aguardando,<\/p>\n\n\n\n<p>t\u00fa les das la comida a su tiempo.<\/p>\n\n\n\n<p>R. El Se\u00f1or es bueno con todos.<\/p>\n\n\n\n<p>V. El Se\u00f1or es justo en todos sus caminos,<\/p>\n\n\n\n<p>es bondadoso en todas sus acciones.<\/p>\n\n\n\n<p>Cerca est\u00e1 el Se\u00f1or de los que lo invocan,<\/p>\n\n\n\n<p>de los que lo invocan sinceramente.<\/p>\n\n\n\n<p>R. El Se\u00f1or es bueno con todos.<\/p>\n\n\n\n<p>VII<\/p>\n\n\n\n<p>Sal 148, 1-2. 3-4. 9-10. 11-12ab. 12c-14a<\/p>\n\n\n\n<p>V. Alabad el nombre del Se\u00f1or (o, Aleluya).<\/p>\n\n\n\n<p>R. Alabad el nombre del Se\u00f1or (o, Aleluya).<\/p>\n\n\n\n<p>V. Alabad al Se\u00f1or en el cielo,<\/p>\n\n\n\n<p>alabad al Se\u00f1or en lo alto;<\/p>\n\n\n\n<p>alabadlo, todos sus \u00e1ngeles,<\/p>\n\n\n\n<p>alabad, todos sus ej\u00e9rcitos.<\/p>\n\n\n\n<p>R. Alabad el nombre del Se\u00f1or (o, Aleluya).<\/p>\n\n\n\n<p>V. Alabadlo, sol y luna alabadlo,<\/p>\n\n\n\n<p>estrellas lucientes;<\/p>\n\n\n\n<p>alabadlo, espacios celestes,<\/p>\n\n\n\n<p>y aguas que cuelgan en el cielo.<\/p>\n\n\n\n<p>R. Alabad el nombre del Se\u00f1or (o, Aleluya).<\/p>\n\n\n\n<p>V. Montes y todas las tierras,<\/p>\n\n\n\n<p>\u00e1rboles frutales y cedros;<\/p>\n\n\n\n<p>fieras y animales dom\u00e9sticos,<\/p>\n\n\n\n<p>reptiles y p\u00e1jaros que vuelan.<\/p>\n\n\n\n<p>R. Alabad el nombre del Se\u00f1or (o, Aleluya).<\/p>\n\n\n\n<p>V. Reyes y pueblos del orbe,<\/p>\n\n\n\n<p>pr\u00edncipes y jefes del mundo;<\/p>\n\n\n\n<p>los j\u00f3venes y tambi\u00e9n las doncellas,<\/p>\n\n\n\n<p>los viejos junto con los ni\u00f1os.<\/p>\n\n\n\n<p>R. Alabad el nombre del Se\u00f1or (o, Aleluya)<\/p>\n\n\n\n<p>V. Alaben el nombre del Se\u00f1or,<\/p>\n\n\n\n<p>el \u00fanico nombre sublime.<\/p>\n\n\n\n<p>Alabanza de todos sus fieles,<\/p>\n\n\n\n<p>de Israel su pueblo escogido.<\/p>\n\n\n\n<p>R. Alabad el nombre del Se\u00f1or (o, Aleluya)<\/p>\n","protected":false},"excerpt":{"rendered":"<p>I Sal 32,12 y 18. 20-21.22 V. La misericordia del Se\u00f1or llena la tierra. R. La misericordia del Se\u00f1or llena la tierra. V. Dichosa la naci\u00f3n cuyo Dios es el Se\u00f1or, el pueblo que &#8230; <\/p>\n<p class=\"read-more-container\"><a title=\"SALMOS RESPONSORIALES PARA EL MATRIMONIO\" class=\"read-more button\" href=\"https:\/\/fuente.archimadrid.es\/index.php\/salmos-responsoriales-para-el-matrimonio\/#more-143\" aria-label=\"Leer m\u00e1s sobre SALMOS RESPONSORIALES PARA EL MATRIMONIO\">Leer m\u00e1s<\/a><\/p>\n","protected":false},"author":1,"featured_media":150,"parent":0,"menu_order":0,"comment_status":"closed","ping_status":"closed","template":"","meta":{"footnotes":""},"class_list":["post-143","page","type-page","status-publish","has-post-thumbnail"],"jetpack-related-posts":[{"id":139,"url":"https:\/\/fuente.archimadrid.es\/index.php\/lecturas-para-el-matrimonio-del-antiguo-testamento\/","url_meta":{"origin":143,"position":0},"title":"Lecturas para el matrimonio del Antiguo Testamento","author":"admin","date":"17 de diciembre de 2020","format":false,"excerpt":"Lectura del libro del G\u00e9nesis: 1, 26-28. 31a Dijo Dios: \u201cHagamos al hombre a nuestra imagen y semejanza; que domine los peces del mar, las aves del cielo, los animales dom\u00e9sticos, los reptiles de la tierra. Y cre\u00f3 Dios al hombre a su imagen; a imagen de Dios lo cre\u00f3,\u2026","rel":"","context":"Entrada similar","block_context":{"text":"Entrada similar","link":""},"img":{"alt_text":"","src":"https:\/\/i0.wp.com\/fuente.archimadrid.es\/wp-content\/uploads\/2020\/12\/bodas-at.jpg?fit=1009%2C800&ssl=1&resize=350%2C200","width":350,"height":200,"srcset":"https:\/\/i0.wp.com\/fuente.archimadrid.es\/wp-content\/uploads\/2020\/12\/bodas-at.jpg?fit=1009%2C800&ssl=1&resize=350%2C200 1x, https:\/\/i0.wp.com\/fuente.archimadrid.es\/wp-content\/uploads\/2020\/12\/bodas-at.jpg?fit=1009%2C800&ssl=1&resize=525%2C300 1.5x, https:\/\/i0.wp.com\/fuente.archimadrid.es\/wp-content\/uploads\/2020\/12\/bodas-at.jpg?fit=1009%2C800&ssl=1&resize=700%2C400 2x"},"classes":[]},{"id":141,"url":"https:\/\/fuente.archimadrid.es\/index.php\/lecturas-para-el-matrimonio-de-las-cartas-apostolicas-nuevo-testamento\/","url_meta":{"origin":143,"position":1},"title":"LECTURAS para el Matrimonio DE LAS CARTAS APOST\u00d3LICAS (NUEVO TESTAMENTO)","author":"admin","date":"17 de diciembre de 2020","format":false,"excerpt":"I Lectura de la carta del Ap\u00f3stol San Pablo a los Romanos: 8, 31b-35. 37-39 Hermanos: Si Dios est\u00e1 con nosotros, \u00bfqui\u00e9n estar\u00e1 contra nosotros? El que no perdon\u00f3 a su propio Hijo, sino que lo entreg\u00f3 a la muerte por nosotros, \u00bfc\u00f3mo no nos dar\u00e1 todo con \u00c9l? \u00bfQui\u00e9n\u2026","rel":"","context":"Entrada similar","block_context":{"text":"Entrada similar","link":""},"img":{"alt_text":"","src":"https:\/\/i0.wp.com\/fuente.archimadrid.es\/wp-content\/uploads\/2020\/12\/lecturas-nt.jpg?fit=1200%2C655&ssl=1&resize=350%2C200","width":350,"height":200,"srcset":"https:\/\/i0.wp.com\/fuente.archimadrid.es\/wp-content\/uploads\/2020\/12\/lecturas-nt.jpg?fit=1200%2C655&ssl=1&resize=350%2C200 1x, https:\/\/i0.wp.com\/fuente.archimadrid.es\/wp-content\/uploads\/2020\/12\/lecturas-nt.jpg?fit=1200%2C655&ssl=1&resize=525%2C300 1.5x, https:\/\/i0.wp.com\/fuente.archimadrid.es\/wp-content\/uploads\/2020\/12\/lecturas-nt.jpg?fit=1200%2C655&ssl=1&resize=700%2C400 2x, https:\/\/i0.wp.com\/fuente.archimadrid.es\/wp-content\/uploads\/2020\/12\/lecturas-nt.jpg?fit=1200%2C655&ssl=1&resize=1050%2C600 3x"},"classes":[]},{"id":145,"url":"https:\/\/fuente.archimadrid.es\/index.php\/evangelios-para-la-celebracion-del-matrimonio\/","url_meta":{"origin":143,"position":2},"title":"EVANGELIOS para la celebraci\u00f3n del Matrimonio","author":"admin","date":"17 de diciembre de 2020","format":false,"excerpt":"I Lectura del santo Evangelio seg\u00fan San Mateo: 5, 1-12a En aquel tiempo, al ver Jes\u00fas al gent\u00edo, subi\u00f3 a la monta\u00f1a, se sent\u00f3, y se acercaron sus disc\u00edpulos; y \u00e9l se puso a hablar ense\u00f1\u00e1ndoles: Dichosos los pobres en el esp\u00edritu, porque de ellos es el Reino de los\u2026","rel":"","context":"Entrada similar","block_context":{"text":"Entrada similar","link":""},"img":{"alt_text":"","src":"https:\/\/i0.wp.com\/fuente.archimadrid.es\/wp-content\/uploads\/2020\/12\/Jesus-cana-2-1-1024x675-1.png?fit=1024%2C675&ssl=1&resize=350%2C200","width":350,"height":200,"srcset":"https:\/\/i0.wp.com\/fuente.archimadrid.es\/wp-content\/uploads\/2020\/12\/Jesus-cana-2-1-1024x675-1.png?fit=1024%2C675&ssl=1&resize=350%2C200 1x, https:\/\/i0.wp.com\/fuente.archimadrid.es\/wp-content\/uploads\/2020\/12\/Jesus-cana-2-1-1024x675-1.png?fit=1024%2C675&ssl=1&resize=525%2C300 1.5x, https:\/\/i0.wp.com\/fuente.archimadrid.es\/wp-content\/uploads\/2020\/12\/Jesus-cana-2-1-1024x675-1.png?fit=1024%2C675&ssl=1&resize=700%2C400 2x"},"classes":[]},{"id":158,"url":"https:\/\/fuente.archimadrid.es\/index.php\/rito-de-la-celebracion-del-matrimonio\/","url_meta":{"origin":143,"position":3},"title":"Rito de la celebraci\u00f3n del Matrimonio","author":"admin","date":"17 de diciembre de 2020","format":false,"excerpt":"CELEBRACIO\u0301N DEL MATRIMONIO RITO DEL MATRIMONIOLos novios tienen que responder a la vez a estas tres preguntas previas antes de darse el si\u0301 mutuo para unirse en matrimonio. Son las tres preguntas que afectan a lo esencial del matrimonio. Si se respondiera negativamente a alguna de ellas, o se mintiera\u2026","rel":"","context":"Entrada similar","block_context":{"text":"Entrada similar","link":""},"img":{"alt_text":"","src":"https:\/\/i0.wp.com\/fuente.archimadrid.es\/wp-content\/uploads\/2020\/12\/anillos.jpg?fit=500%2C438&ssl=1&resize=350%2C200","width":350,"height":200},"classes":[]}],"jetpack_sharing_enabled":true,"_links":{"self":[{"href":"https:\/\/fuente.archimadrid.es\/index.php\/wp-json\/wp\/v2\/pages\/143","targetHints":{"allow":["GET"]}}],"collection":[{"href":"https:\/\/fuente.archimadrid.es\/index.php\/wp-json\/wp\/v2\/pages"}],"about":[{"href":"https:\/\/fuente.archimadrid.es\/index.php\/wp-json\/wp\/v2\/types\/page"}],"author":[{"embeddable":true,"href":"https:\/\/fuente.archimadrid.es\/index.php\/wp-json\/wp\/v2\/users\/1"}],"replies":[{"embeddable":true,"href":"https:\/\/fuente.archimadrid.es\/index.php\/wp-json\/wp\/v2\/comments?post=143"}],"version-history":[{"count":1,"href":"https:\/\/fuente.archimadrid.es\/index.php\/wp-json\/wp\/v2\/pages\/143\/revisions"}],"predecessor-version":[{"id":144,"href":"https:\/\/fuente.archimadrid.es\/index.php\/wp-json\/wp\/v2\/pages\/143\/revisions\/144"}],"wp:featuredmedia":[{"embeddable":true,"href":"https:\/\/fuente.archimadrid.es\/index.php\/wp-json\/wp\/v2\/media\/150"}],"wp:attachment":[{"href":"https:\/\/fuente.archimadrid.es\/index.php\/wp-json\/wp\/v2\/media?parent=143"}],"curies":[{"name":"wp","href":"https:\/\/api.w.org\/{rel}","templated":true}]}}